{"id":1319,"date":"2021-11-21T15:14:19","date_gmt":"2021-11-21T15:14:19","guid":{"rendered":"https:\/\/avegal.org\/about\/"},"modified":"2023-03-15T19:34:13","modified_gmt":"2023-03-15T18:34:13","slug":"quienes-somos","status":"publish","type":"page","link":"https:\/\/avegal.org\/va_va\/quienes-somos\/","title":{"rendered":"Qui som"},"content":{"rendered":"<div data-elementor-type=\"wp-page\" data-elementor-id=\"1319\" class=\"elementor elementor-1319\">\n\t\t\t\t\t\t<section class=\"elementor-section elementor-top-section elementor-element elementor-element-c8ddeb6 elementor-section-height-min-height elementor-section-boxed elementor-section-height-default elementor-section-items-middle\" data-id=\"c8ddeb6\" data-element_type=\"section\" data-e-type=\"section\" data-settings=\"{&quot;background_background&quot;:&quot;classic&quot;}\">\n\t\t\t\t\t\t\t<div class=\"elementor-background-overlay\"><\/div>\n\t\t\t\t\t\t\t<div class=\"elementor-container elementor-column-gap-default\">\n\t\t\t\t\t<div class=\"elementor-column elementor-col-100 elementor-top-column elementor-element elementor-element-6a5337e\" data-id=\"6a5337e\" data-element_type=\"column\" data-e-type=\"column\">\n\t\t\t<div class=\"elementor-widget-wrap elementor-element-populated\">\n\t\t\t\t\t\t<div class=\"elementor-element elementor-element-bebbe38 elementor-widget elementor-widget-spacer\" data-id=\"bebbe38\" data-element_type=\"widget\" data-e-type=\"widget\" data-widget_type=\"spacer.default\">\n\t\t\t\t<div class=\"elementor-widget-container\">\n\t\t\t\t\t\t\t<div class=\"elementor-spacer\">\n\t\t\t<div class=\"elementor-spacer-inner\"><\/div>\n\t\t<\/div>\n\t\t\t\t\t\t<\/div>\n\t\t\t\t<\/div>\n\t\t\t\t<div class=\"elementor-element elementor-element-feefb6c e-transform elementor-widget elementor-widget-heading\" data-id=\"feefb6c\" data-element_type=\"widget\" data-e-type=\"widget\" data-settings=\"{&quot;_transform_scale_effect&quot;:{&quot;unit&quot;:&quot;px&quot;,&quot;size&quot;:0.8,&quot;sizes&quot;:[]},&quot;_transform_scale_effect_tablet&quot;:{&quot;unit&quot;:&quot;px&quot;,&quot;size&quot;:&quot;&quot;,&quot;sizes&quot;:[]},&quot;_transform_scale_effect_mobile&quot;:{&quot;unit&quot;:&quot;px&quot;,&quot;size&quot;:&quot;&quot;,&quot;sizes&quot;:[]}}\" data-widget_type=\"heading.default\">\n\t\t\t\t<div class=\"elementor-widget-container\">\n\t\t\t\t\t<h1 class=\"elementor-heading-title elementor-size-default\">Una asociaci\u00f3n<\/h1>\t\t\t\t<\/div>\n\t\t\t\t<\/div>\n\t\t\t\t<div class=\"elementor-element elementor-element-43a63c7 e-transform elementor-widget elementor-widget-heading\" data-id=\"43a63c7\" data-element_type=\"widget\" data-e-type=\"widget\" data-settings=\"{&quot;_transform_scale_effect&quot;:{&quot;unit&quot;:&quot;px&quot;,&quot;size&quot;:0.8,&quot;sizes&quot;:[]},&quot;_transform_scale_effect_tablet&quot;:{&quot;unit&quot;:&quot;px&quot;,&quot;size&quot;:&quot;&quot;,&quot;sizes&quot;:[]},&quot;_transform_scale_effect_mobile&quot;:{&quot;unit&quot;:&quot;px&quot;,&quot;size&quot;:&quot;&quot;,&quot;sizes&quot;:[]}}\" data-widget_type=\"heading.default\">\n\t\t\t\t<div class=\"elementor-widget-container\">\n\t\t\t\t\t<h1 class=\"elementor-heading-title elementor-size-default\">para todxs<\/h1>\t\t\t\t<\/div>\n\t\t\t\t<\/div>\n\t\t\t\t\t<\/div>\n\t\t<\/div>\n\t\t\t\t\t<\/div>\n\t\t<\/section>\n\t\t\t\t<section class=\"elementor-section elementor-top-section elementor-element elementor-element-034f786 elementor-section-boxed elementor-section-height-default elementor-section-height-default\" data-id=\"034f786\" data-element_type=\"section\" data-e-type=\"section\">\n\t\t\t\t\t\t<div class=\"elementor-container elementor-column-gap-default\">\n\t\t\t\t\t<div class=\"elementor-column elementor-col-100 elementor-top-column elementor-element elementor-element-ba0c118\" data-id=\"ba0c118\" data-element_type=\"column\" data-e-type=\"column\">\n\t\t\t<div class=\"elementor-widget-wrap elementor-element-populated\">\n\t\t\t\t\t\t<div class=\"elementor-element elementor-element-3dc998b elementor-widget elementor-widget-heading\" data-id=\"3dc998b\" data-element_type=\"widget\" data-e-type=\"widget\" data-widget_type=\"heading.default\">\n\t\t\t\t<div class=\"elementor-widget-container\">\n\t\t\t\t\t<h2 class=\"elementor-heading-title elementor-size-default\">Somos la Asociaci\u00f3n de Empresas y Profesionales para el colectivo LGBTI+ de la Comunitat Valenciana<\/h2>\t\t\t\t<\/div>\n\t\t\t\t<\/div>\n\t\t\t\t<div class=\"elementor-element elementor-element-49f8933 elementor-widget elementor-widget-text-editor\" data-id=\"49f8933\" data-element_type=\"widget\" data-e-type=\"widget\" data-widget_type=\"text-editor.default\">\n\t\t\t\t<div class=\"elementor-widget-container\">\n\t\t\t\t\t\t\t\t\t<h6 style=\"text-align: center;\"><strong>La asociaci\u00f3n nace por la necesidad de agrupar a un peque\u00f1o conjunto de establecimientos que dirigen y ofrecen servicios a la comunidad LGBTI Somos los \u00fanicos dirigidos a este segmento en la Comunidad Valenciana.<\/strong><\/h6>\t\t\t\t\t\t\t\t<\/div>\n\t\t\t\t<\/div>\n\t\t\t\t<div class=\"elementor-element elementor-element-9fdb291 elementor-widget elementor-widget-image\" data-id=\"9fdb291\" data-element_type=\"widget\" data-e-type=\"widget\" data-widget_type=\"image.default\">\n\t\t\t\t<div class=\"elementor-widget-container\">\n\t\t\t\t\t\t\t\t\t\t\t\t\t\t\t<img decoding=\"async\" width=\"160\" height=\"53\" src=\"https:\/\/avegal.org\/wp-content\/uploads\/2023\/03\/AnyConv.com__cropped-AVEGAL_LOGO_MOBILE-08-160x53-1.webp\" class=\"attachment-1536x1536 size-1536x1536 wp-image-2143\" alt=\"\" srcset=\"https:\/\/avegal.org\/wp-content\/uploads\/2023\/03\/AnyConv.com__cropped-AVEGAL_LOGO_MOBILE-08-160x53-1.webp 160w, https:\/\/avegal.org\/wp-content\/uploads\/2023\/03\/AnyConv.com__cropped-AVEGAL_LOGO_MOBILE-08-160x53-1-18x6.webp 18w\" sizes=\"(max-width: 160px) 100vw, 160px\" \/>\t\t\t\t\t\t\t\t\t\t\t\t\t\t\t<\/div>\n\t\t\t\t<\/div>\n\t\t\t\t<section class=\"elementor-section elementor-inner-section elementor-element elementor-element-d762106 elementor-section-boxed elementor-section-height-default elementor-section-height-default\" data-id=\"d762106\" data-element_type=\"section\" data-e-type=\"section\">\n\t\t\t\t\t\t<div class=\"elementor-container elementor-column-gap-default\">\n\t\t\t\t\t<div class=\"elementor-column elementor-col-50 elementor-inner-column elementor-element elementor-element-08ec54c\" data-id=\"08ec54c\" data-element_type=\"column\" data-e-type=\"column\">\n\t\t\t<div class=\"elementor-widget-wrap elementor-element-populated\">\n\t\t\t\t\t\t<div class=\"elementor-element elementor-element-d35be41 elementor-widget elementor-widget-heading\" data-id=\"d35be41\" data-element_type=\"widget\" data-e-type=\"widget\" data-widget_type=\"heading.default\">\n\t\t\t\t<div class=\"elementor-widget-container\">\n\t\t\t\t\t<h6 class=\"elementor-heading-title elementor-size-default\">La nostra missi\u00f3<\/h6>\t\t\t\t<\/div>\n\t\t\t\t<\/div>\n\t\t\t\t<div class=\"elementor-element elementor-element-8fa3d11 elementor-widget elementor-widget-text-editor\" data-id=\"8fa3d11\" data-element_type=\"widget\" data-e-type=\"widget\" data-widget_type=\"text-editor.default\">\n\t\t\t\t<div class=\"elementor-widget-container\">\n\t\t\t\t\t\t\t\t\t<p style=\"text-align: left;\"><span style=\"background-color: var(--ast-global-color-5); color: #000000; font-family: Poppins; font-size: 16px; font-style: inherit; font-weight: inherit; text-align: start; white-space: pre-wrap;\">Dinamitzar la vida comercial del sector prioritzant la visibilitzaci\u00f3 del col\u00b7lectiu LGBTI+, a trav\u00e9s del foment de la igualtat, la diversitat i la inclusi\u00f3 en el conjunt del teixit empresarial de la Comunitat Valenciana.<\/span><\/p><p style=\"text-align: center;\"><span style=\"background-color: var(--ast-global-color-5); color: #000000; font-family: Poppins; font-size: 16px; font-style: inherit; font-weight: inherit; text-align: start; white-space: pre-wrap;\">\u00a0<\/span><\/p><p style=\"text-align: left;\"><span style=\"background-color: var(--ast-global-color-5); color: #000000; font-family: Poppins; font-size: 16px; font-style: inherit; font-weight: inherit; text-align: start; white-space: pre-wrap;\">Estem compromesos amb el canvi, proporcionant la informaci\u00f3 i els mitjans per a aconseguir-lo, mantenint contacte estret entre les persones en la lluita contra la desigualtat.<\/span><\/p>\t\t\t\t\t\t\t\t<\/div>\n\t\t\t\t<\/div>\n\t\t\t\t\t<\/div>\n\t\t<\/div>\n\t\t\t\t<div class=\"elementor-column elementor-col-50 elementor-inner-column elementor-element elementor-element-d30d7a1\" data-id=\"d30d7a1\" data-element_type=\"column\" data-e-type=\"column\">\n\t\t\t<div class=\"elementor-widget-wrap elementor-element-populated\">\n\t\t\t\t\t\t<div class=\"elementor-element elementor-element-6260bc9 elementor-widget elementor-widget-heading\" data-id=\"6260bc9\" data-element_type=\"widget\" data-e-type=\"widget\" data-widget_type=\"heading.default\">\n\t\t\t\t<div class=\"elementor-widget-container\">\n\t\t\t\t\t<h6 class=\"elementor-heading-title elementor-size-default\">Els nostres valors<\/h6>\t\t\t\t<\/div>\n\t\t\t\t<\/div>\n\t\t\t\t<div class=\"elementor-element elementor-element-3a99000 elementor-widget elementor-widget-text-editor\" data-id=\"3a99000\" data-element_type=\"widget\" data-e-type=\"widget\" data-widget_type=\"text-editor.default\">\n\t\t\t\t<div class=\"elementor-widget-container\">\n\t\t\t\t\t\t\t\t\t<p style=\"text-align: left;\"><span style=\"font-weight: bold; overflow-wrap: break-word; color: #000000; font-family: Poppins; font-size: 16px; text-align: start; white-space: pre-wrap;\">COMPROMESOS<\/span><br style=\"overflow-wrap: break-word; color: #000000; font-family: Poppins; font-size: 16px; text-align: start; white-space: pre-wrap;\" \/><span style=\"color: #000000; font-family: Poppins; font-size: 16px; text-align: start; white-space: pre-wrap;\">Amb les accions que duen a terme les empreses LGBTI+ de la Comunitat Valenciana.<\/span><br style=\"overflow-wrap: break-word; color: #000000; font-family: Poppins; font-size: 16px; text-align: start; white-space: pre-wrap;\" \/><span style=\"font-weight: bold; overflow-wrap: break-word; color: #000000; font-family: Poppins; font-size: 16px; text-align: start; white-space: pre-wrap;\">COL\u00b7LABORATIUS<\/span><br style=\"overflow-wrap: break-word; color: #000000; font-family: Poppins; font-size: 16px; text-align: start; white-space: pre-wrap;\" \/><span style=\"color: #000000; font-family: Poppins; font-size: 16px; text-align: start; white-space: pre-wrap;\">Amb les institucions que promouen i fomenten la nostra comunitat.<\/span><br style=\"overflow-wrap: break-word; color: #000000; font-family: Poppins; font-size: 16px; text-align: start; white-space: pre-wrap;\" \/><span style=\"font-weight: bold; overflow-wrap: break-word; color: #000000; font-family: Poppins; font-size: 16px; text-align: start; white-space: pre-wrap;\">PARTICIPATIUS<\/span><br style=\"overflow-wrap: break-word; color: #000000; font-family: Poppins; font-size: 16px; text-align: start; white-space: pre-wrap;\" \/><span style=\"color: #000000; font-family: Poppins; font-size: 16px; text-align: start; white-space: pre-wrap;\">En esdeveniments socioculturals orientats al p\u00fablic LGBTI+ que tenen lloc a la Comunitat Valenciana.<\/span><br style=\"overflow-wrap: break-word; color: #000000; font-family: Poppins; font-size: 16px; text-align: start; white-space: pre-wrap;\" \/><span style=\"font-weight: bold; overflow-wrap: break-word; color: #000000; font-family: Poppins; font-size: 16px; text-align: start; white-space: pre-wrap;\">OBERTS<\/span><br style=\"overflow-wrap: break-word; color: #000000; font-family: Poppins; font-size: 16px; text-align: start; white-space: pre-wrap;\" \/><span style=\"color: #000000; font-family: Poppins; font-size: 16px; text-align: start; white-space: pre-wrap;\">A promoure i donar visibilitat a la diversitat sexual en la societat valenciana.<\/span><\/p>\t\t\t\t\t\t\t\t<\/div>\n\t\t\t\t<\/div>\n\t\t\t\t\t<\/div>\n\t\t<\/div>\n\t\t\t\t\t<\/div>\n\t\t<\/section>\n\t\t\t\t\t<\/div>\n\t\t<\/div>\n\t\t\t\t\t<\/div>\n\t\t<\/section>\n\t\t\t\t<\/div>","protected":false},"excerpt":{"rendered":"<p>Una asociaci\u00f3n para todxs Somos la Asociaci\u00f3n de Empresas y Profesionales para el colectivo LGBTI+ de la Comunitat Valenciana La asociaci\u00f3n nace por la necesidad de agrupar a un peque\u00f1o conjunto de establecimientos que dirigen y ofrecen servicios a la comunidad LGBTI Somos los \u00fanicos dirigidos a este segmento en la Comunidad Valenciana. Nuestra misi\u00f3n [&hellip;]<\/p>\n","protected":false},"author":1,"featured_media":0,"parent":0,"menu_order":0,"comment_status":"closed","ping_status":"closed","template":"","meta":{"_uag_custom_page_level_css":"","site-sidebar-layout":"no-sidebar","site-content-layout":"page-builder","ast-site-content-layout":"default","site-content-style":"default","site-sidebar-style":"default","ast-global-header-display":"","ast-banner-title-visibility":"","ast-main-header-display":"","ast-hfb-above-header-display":"","ast-hfb-below-header-display":"","ast-hfb-mobile-header-display":"","site-post-title":"disabled","ast-breadcrumbs-content":"","ast-featured-img":"disabled","footer-sml-layout":"","ast-disable-related-posts":"","theme-transparent-header-meta":"enabled","adv-header-id-meta":"","stick-header-meta":"","header-above-stick-meta":"","header-main-stick-meta":"","header-below-stick-meta":"","astra-migrate-meta-layouts":"default","ast-page-background-enabled":"default","ast-page-background-meta":{"desktop":{"background-color":"var(--ast-global-color-4)","background-image":"","background-repeat":"repeat","background-position":"center center","background-size":"auto","background-attachment":"scroll","background-type":"","background-media":"","overlay-type":"","overlay-color":"","overlay-opacity":"","overlay-gradient":""},"tablet":{"background-color":"","background-image":"","background-repeat":"repeat","background-position":"center center","background-size":"auto","background-attachment":"scroll","background-type":"","background-media":"","overlay-type":"","overlay-color":"","overlay-opacity":"","overlay-gradient":""},"mobile":{"background-color":"","background-image":"","background-repeat":"repeat","background-position":"center center","background-size":"auto","background-attachment":"scroll","background-type":"","background-media":"","overlay-type":"","overlay-color":"","overlay-opacity":"","overlay-gradient":""}},"ast-content-background-meta":{"desktop":{"background-color":"var(--ast-global-color-5)","background-image":"","background-repeat":"repeat","background-position":"center center","background-size":"auto","background-attachment":"scroll","background-type":"","background-media":"","overlay-type":"","overlay-color":"","overlay-opacity":"","overlay-gradient":""},"tablet":{"background-color":"var(--ast-global-color-5)","background-image":"","background-repeat":"repeat","background-position":"center center","background-size":"auto","background-attachment":"scroll","background-type":"","background-media":"","overlay-type":"","overlay-color":"","overlay-opacity":"","overlay-gradient":""},"mobile":{"background-color":"var(--ast-global-color-5)","background-image":"","background-repeat":"repeat","background-position":"center center","background-size":"auto","background-attachment":"scroll","background-type":"","background-media":"","overlay-type":"","overlay-color":"","overlay-opacity":"","overlay-gradient":""}},"footnotes":""},"class_list":["post-1319","page","type-page","status-publish","hentry"],"yoast_head":"<!-- This site is optimized with the Yoast SEO plugin v27.2 - https:\/\/yoast.com\/product\/yoast-seo-wordpress\/ -->\n<title>Quienes somos - AVEGAL<\/title>\n<meta name=\"description\" content=\"Asociaci\u00f3n de empresas y profesionales para lesbianas, gays, transexuales y bisexuales de la Comunitat Valenciana\" \/>\n<meta name=\"robots\" content=\"index, follow, max-snippet:-1, max-image-preview:large, max-video-preview:-1\" \/>\n<link rel=\"canonical\" href=\"https:\/\/avegal.org\/va_va\/quienes-somos\/\" \/>\n<meta property=\"og:locale\" content=\"en_US\" \/>\n<meta property=\"og:type\" content=\"article\" \/>\n<meta property=\"og:title\" content=\"AVEGAL - Quienes Somos\" \/>\n<meta property=\"og:description\" content=\"Asociaci\u00f3n de empresas y profesionales para lesbianas, gays, transexuales y bisexuales de la Comunitat Valenciana\" \/>\n<meta property=\"og:url\" content=\"https:\/\/avegal.org\/va_va\/quienes-somos\/\" \/>\n<meta property=\"og:site_name\" content=\"AVEGAL\" \/>\n<meta property=\"article:publisher\" content=\"https:\/\/www.facebook.com\/asociacionavegal\/\" \/>\n<meta property=\"article:modified_time\" content=\"2023-03-15T18:34:13+00:00\" \/>\n<meta property=\"og:image\" content=\"https:\/\/avegal.org\/wp-content\/uploads\/2023\/03\/avegal-fb.jpg\" \/>\n\t<meta property=\"og:image:width\" content=\"637\" \/>\n\t<meta property=\"og:image:height\" content=\"278\" \/>\n\t<meta property=\"og:image:type\" content=\"image\/jpeg\" \/>\n<meta name=\"twitter:card\" content=\"summary_large_image\" \/>\n<meta name=\"twitter:title\" content=\"AVEGAL - Quienes Somos\" \/>\n<meta name=\"twitter:description\" content=\"Asociaci\u00f3n de empresas y profesionales para lesbianas, gays, transexuales y bisexuales de la Comunitat Valenciana\" \/>\n<meta name=\"twitter:image\" content=\"https:\/\/avegal.org\/wp-content\/uploads\/2023\/03\/avegal-fb.jpg\" \/>\n<meta name=\"twitter:site\" content=\"@avegal_valencia\" \/>\n<meta name=\"twitter:label1\" content=\"Est. reading time\" \/>\n\t<meta name=\"twitter:data1\" content=\"1 minute\" \/>\n<script type=\"application\/ld+json\" class=\"yoast-schema-graph\">{\"@context\":\"https:\/\/schema.org\",\"@graph\":[{\"@type\":\"WebPage\",\"@id\":\"https:\/\/avegal.org\/quienes-somos\/\",\"url\":\"https:\/\/avegal.org\/quienes-somos\/\",\"name\":\"Quienes somos - AVEGAL\",\"isPartOf\":{\"@id\":\"https:\/\/avegal.org\/#website\"},\"primaryImageOfPage\":{\"@id\":\"https:\/\/avegal.org\/quienes-somos\/#primaryimage\"},\"image\":{\"@id\":\"https:\/\/avegal.org\/quienes-somos\/#primaryimage\"},\"thumbnailUrl\":\"https:\/\/avegal.org\/wp-content\/uploads\/2023\/03\/AnyConv.com__cropped-AVEGAL_LOGO_MOBILE-08-160x53-1.webp\",\"datePublished\":\"2021-11-21T15:14:19+00:00\",\"dateModified\":\"2023-03-15T18:34:13+00:00\",\"description\":\"Asociaci\u00f3n de empresas y profesionales para lesbianas, gays, transexuales y bisexuales de la Comunitat Valenciana\",\"breadcrumb\":{\"@id\":\"https:\/\/avegal.org\/quienes-somos\/#breadcrumb\"},\"inLanguage\":\"va-VA\",\"potentialAction\":[{\"@type\":\"ReadAction\",\"target\":[\"https:\/\/avegal.org\/quienes-somos\/\"]}]},{\"@type\":\"ImageObject\",\"inLanguage\":\"va-VA\",\"@id\":\"https:\/\/avegal.org\/quienes-somos\/#primaryimage\",\"url\":\"https:\/\/avegal.org\/wp-content\/uploads\/2023\/03\/AnyConv.com__cropped-AVEGAL_LOGO_MOBILE-08-160x53-1.webp\",\"contentUrl\":\"https:\/\/avegal.org\/wp-content\/uploads\/2023\/03\/AnyConv.com__cropped-AVEGAL_LOGO_MOBILE-08-160x53-1.webp\"},{\"@type\":\"BreadcrumbList\",\"@id\":\"https:\/\/avegal.org\/quienes-somos\/#breadcrumb\",\"itemListElement\":[{\"@type\":\"ListItem\",\"position\":1,\"name\":\"Portada\",\"item\":\"https:\/\/avegal.org\/\"},{\"@type\":\"ListItem\",\"position\":2,\"name\":\"Quienes somos\"}]},{\"@type\":\"WebSite\",\"@id\":\"https:\/\/avegal.org\/#website\",\"url\":\"https:\/\/avegal.org\/\",\"name\":\"AVEGAL\",\"description\":\"Asociaci&oacute;n de empresas y profesionales para lesbianas, gays, transexuales y bisexuales de la Comunitat Valenciana\",\"publisher\":{\"@id\":\"https:\/\/avegal.org\/#organization\"},\"potentialAction\":[{\"@type\":\"SearchAction\",\"target\":{\"@type\":\"EntryPoint\",\"urlTemplate\":\"https:\/\/avegal.org\/?s={search_term_string}\"},\"query-input\":{\"@type\":\"PropertyValueSpecification\",\"valueRequired\":true,\"valueName\":\"search_term_string\"}}],\"inLanguage\":\"va-VA\"},{\"@type\":\"Organization\",\"@id\":\"https:\/\/avegal.org\/#organization\",\"name\":\"AVEGAL\",\"url\":\"https:\/\/avegal.org\/\",\"logo\":{\"@type\":\"ImageObject\",\"inLanguage\":\"va-VA\",\"@id\":\"https:\/\/avegal.org\/#\/schema\/logo\/image\/\",\"url\":\"https:\/\/avegal.org\/wp-content\/uploads\/2023\/03\/cropped-AVEGAL_LOGO_MOBILE-08-160x53-1.webp\",\"contentUrl\":\"https:\/\/avegal.org\/wp-content\/uploads\/2023\/03\/cropped-AVEGAL_LOGO_MOBILE-08-160x53-1.webp\",\"width\":160,\"height\":53,\"caption\":\"AVEGAL\"},\"image\":{\"@id\":\"https:\/\/avegal.org\/#\/schema\/logo\/image\/\"},\"sameAs\":[\"https:\/\/www.facebook.com\/asociacionavegal\/\",\"https:\/\/x.com\/avegal_valencia\",\"https:\/\/www.instagram.com\/avegal_valencia\/\"]}]}<\/script>\n<!-- \/ Yoast SEO plugin. -->","yoast_head_json":{"title":"Quienes somos - AVEGAL","description":"Associaci\u00f3 d'empreses i professionals per a lesbianes, gays, transsexuals i bisexuals de la Comunitat Valenciana","robots":{"index":"index","follow":"follow","max-snippet":"max-snippet:-1","max-image-preview":"max-image-preview:large","max-video-preview":"max-video-preview:-1"},"canonical":"https:\/\/avegal.org\/va_va\/quienes-somos\/","og_locale":"en_US","og_type":"article","og_title":"AVEGAL - Quienes Somos","og_description":"Asociaci\u00f3n de empresas y profesionales para lesbianas, gays, transexuales y bisexuales de la Comunitat Valenciana","og_url":"https:\/\/avegal.org\/va_va\/quienes-somos\/","og_site_name":"AVEGAL","article_publisher":"https:\/\/www.facebook.com\/asociacionavegal\/","article_modified_time":"2023-03-15T18:34:13+00:00","og_image":[{"width":637,"height":278,"url":"https:\/\/avegal.org\/wp-content\/uploads\/2023\/03\/avegal-fb.jpg","type":"image\/jpeg"}],"twitter_card":"summary_large_image","twitter_title":"AVEGAL - Quienes Somos","twitter_description":"Asociaci\u00f3n de empresas y profesionales para lesbianas, gays, transexuales y bisexuales de la Comunitat Valenciana","twitter_image":"https:\/\/avegal.org\/wp-content\/uploads\/2023\/03\/avegal-fb.jpg","twitter_site":"@avegal_valencia","twitter_misc":{"Est. reading time":"1 minute"},"schema":{"@context":"https:\/\/schema.org","@graph":[{"@type":"WebPage","@id":"https:\/\/avegal.org\/quienes-somos\/","url":"https:\/\/avegal.org\/quienes-somos\/","name":"Quienes somos - AVEGAL","isPartOf":{"@id":"https:\/\/avegal.org\/#website"},"primaryImageOfPage":{"@id":"https:\/\/avegal.org\/quienes-somos\/#primaryimage"},"image":{"@id":"https:\/\/avegal.org\/quienes-somos\/#primaryimage"},"thumbnailUrl":"https:\/\/avegal.org\/wp-content\/uploads\/2023\/03\/AnyConv.com__cropped-AVEGAL_LOGO_MOBILE-08-160x53-1.webp","datePublished":"2021-11-21T15:14:19+00:00","dateModified":"2023-03-15T18:34:13+00:00","description":"Associaci\u00f3 d'empreses i professionals per a lesbianes, gays, transsexuals i bisexuals de la Comunitat Valenciana","breadcrumb":{"@id":"https:\/\/avegal.org\/quienes-somos\/#breadcrumb"},"inLanguage":"va-VA","potentialAction":[{"@type":"ReadAction","target":["https:\/\/avegal.org\/quienes-somos\/"]}]},{"@type":"ImageObject","inLanguage":"va-VA","@id":"https:\/\/avegal.org\/quienes-somos\/#primaryimage","url":"https:\/\/avegal.org\/wp-content\/uploads\/2023\/03\/AnyConv.com__cropped-AVEGAL_LOGO_MOBILE-08-160x53-1.webp","contentUrl":"https:\/\/avegal.org\/wp-content\/uploads\/2023\/03\/AnyConv.com__cropped-AVEGAL_LOGO_MOBILE-08-160x53-1.webp"},{"@type":"BreadcrumbList","@id":"https:\/\/avegal.org\/quienes-somos\/#breadcrumb","itemListElement":[{"@type":"ListItem","position":1,"name":"Portada","item":"https:\/\/avegal.org\/"},{"@type":"ListItem","position":2,"name":"Quienes somos"}]},{"@type":"WebSite","@id":"https:\/\/avegal.org\/#website","url":"https:\/\/avegal.org\/","name":"AVEGAL","description":"Asociaci&oacute;n de empresas y profesionales para lesbianas, gays, transexuales y bisexuales de la Comunitat Valenciana","publisher":{"@id":"https:\/\/avegal.org\/#organization"},"potentialAction":[{"@type":"SearchAction","target":{"@type":"EntryPoint","urlTemplate":"https:\/\/avegal.org\/?s={search_term_string}"},"query-input":{"@type":"PropertyValueSpecification","valueRequired":true,"valueName":"search_term_string"}}],"inLanguage":"va-VA"},{"@type":"Organization","@id":"https:\/\/avegal.org\/#organization","name":"AVEGAL","url":"https:\/\/avegal.org\/","logo":{"@type":"ImageObject","inLanguage":"va-VA","@id":"https:\/\/avegal.org\/#\/schema\/logo\/image\/","url":"https:\/\/avegal.org\/wp-content\/uploads\/2023\/03\/cropped-AVEGAL_LOGO_MOBILE-08-160x53-1.webp","contentUrl":"https:\/\/avegal.org\/wp-content\/uploads\/2023\/03\/cropped-AVEGAL_LOGO_MOBILE-08-160x53-1.webp","width":160,"height":53,"caption":"AVEGAL"},"image":{"@id":"https:\/\/avegal.org\/#\/schema\/logo\/image\/"},"sameAs":["https:\/\/www.facebook.com\/asociacionavegal\/","https:\/\/x.com\/avegal_valencia","https:\/\/www.instagram.com\/avegal_valencia\/"]}]}},"uagb_featured_image_src":{"full":false,"thumbnail":false,"medium":false,"medium_large":false,"large":false,"1536x1536":false,"2048x2048":false,"trp-custom-language-flag":false},"uagb_author_info":{"display_name":"admin","author_link":"https:\/\/avegal.org\/va_va\/author\/admin\/"},"uagb_comment_info":0,"uagb_excerpt":"Una asociaci\u00f3n para todxs Somos la Asociaci\u00f3n de Empresas y Profesionales para el colectivo LGBTI+ de la Comunitat Valenciana La asociaci\u00f3n nace por la necesidad de agrupar a un peque\u00f1o conjunto de establecimientos que dirigen y ofrecen servicios a la comunidad LGBTI Somos los \u00fanicos dirigidos a este segmento en la Comunidad Valenciana. Nuestra misi\u00f3n&hellip;","_links":{"self":[{"href":"https:\/\/avegal.org\/va_va\/wp-json\/wp\/v2\/pages\/1319","targetHints":{"allow":["GET"]}}],"collection":[{"href":"https:\/\/avegal.org\/va_va\/wp-json\/wp\/v2\/pages"}],"about":[{"href":"https:\/\/avegal.org\/va_va\/wp-json\/wp\/v2\/types\/page"}],"author":[{"embeddable":true,"href":"https:\/\/avegal.org\/va_va\/wp-json\/wp\/v2\/users\/1"}],"replies":[{"embeddable":true,"href":"https:\/\/avegal.org\/va_va\/wp-json\/wp\/v2\/comments?post=1319"}],"version-history":[{"count":107,"href":"https:\/\/avegal.org\/va_va\/wp-json\/wp\/v2\/pages\/1319\/revisions"}],"predecessor-version":[{"id":2146,"href":"https:\/\/avegal.org\/va_va\/wp-json\/wp\/v2\/pages\/1319\/revisions\/2146"}],"wp:attachment":[{"href":"https:\/\/avegal.org\/va_va\/wp-json\/wp\/v2\/media?parent=1319"}],"curies":[{"name":"wp","href":"https:\/\/api.w.org\/{rel}","templated":true}]}}